{"id":10599,"date":"2021-06-04T20:46:57","date_gmt":"2021-06-04T18:46:57","guid":{"rendered":"https:\/\/www.systel-international.com\/menciones-legales\/"},"modified":"2023-10-19T12:20:19","modified_gmt":"2023-10-19T10:20:19","slug":"menciones-legales","status":"publish","type":"page","link":"https:\/\/www.systel-international.com\/es\/menciones-legales\/","title":{"rendered":"Menciones legales"},"content":{"rendered":"\t\t<div data-elementor-type=\"wp-page\" data-elementor-id=\"10599\" class=\"elementor elementor-10599 elementor-3\" data-elementor-post-type=\"page\">\n\t\t\t\t\t\t<section class=\"elementor-section elementor-top-section elementor-element elementor-element-b2a5c18 elementor-section-boxed elementor-section-height-default elementor-section-height-default\" data-id=\"b2a5c18\" data-element_type=\"section\" data-settings=\"{&quot;background_background&quot;:&quot;classic&quot;}\">\n\t\t\t\t\t\t\t<div class=\"elementor-background-overlay\"><\/div>\n\t\t\t\t\t\t\t<div class=\"elementor-container elementor-column-gap-default\">\n\t\t\t\t\t<div class=\"elementor-column elementor-col-100 elementor-top-column elementor-element elementor-element-fc2cd3a\" data-id=\"fc2cd3a\" data-element_type=\"column\">\n\t\t\t<div class=\"elementor-widget-wrap elementor-element-populated\">\n\t\t\t\t\t\t<div class=\"elementor-element elementor-element-e190c20 elementor-widget elementor-widget-text-editor\" data-id=\"e190c20\" data-element_type=\"widget\" data-widget_type=\"text-editor.default\">\n\t\t\t\t<div class=\"elementor-widget-container\">\n\t\t\t\t\t\t\t\t\t<h2>Menciones legales<\/h2>\n\t\t\t\t\t\t\t\t<\/div>\n\t\t\t\t<\/div>\n\t\t\t\t\t<\/div>\n\t\t<\/div>\n\t\t\t\t\t<\/div>\n\t\t<\/section>\n\t\t\t\t<section class=\"elementor-section elementor-top-section elementor-element elementor-element-6fe5d8ec elementor-section-boxed elementor-section-height-default elementor-section-height-default\" data-id=\"6fe5d8ec\" data-element_type=\"section\">\n\t\t\t\t\t\t<div class=\"elementor-container elementor-column-gap-default\">\n\t\t\t\t\t<div class=\"elementor-column elementor-col-100 elementor-top-column elementor-element elementor-element-7c1fe469\" data-id=\"7c1fe469\" data-element_type=\"column\">\n\t\t\t<div class=\"elementor-widget-wrap elementor-element-populated\">\n\t\t\t\t\t\t<div class=\"elementor-element elementor-element-9a12447 elementor-widget elementor-widget-spacer\" data-id=\"9a12447\" data-element_type=\"widget\" data-widget_type=\"spacer.default\">\n\t\t\t\t<div class=\"elementor-widget-container\">\n\t\t\t\t\t\t\t<div class=\"elementor-spacer\">\n\t\t\t<div class=\"elementor-spacer-inner\"><\/div>\n\t\t<\/div>\n\t\t\t\t\t\t<\/div>\n\t\t\t\t<\/div>\n\t\t\t\t<div class=\"elementor-element elementor-element-d2ab2a2 elementor-widget elementor-widget-text-editor\" data-id=\"d2ab2a2\" data-element_type=\"widget\" data-widget_type=\"text-editor.default\">\n\t\t\t\t<div class=\"elementor-widget-container\">\n\t\t\t\t\t\t\t\t\tSYSTEL es una sociedad por acciones simplificada, con capital social de 180.000 euros, registrada en el RCS de Nantes con el n\u00famero 330 178 088, con domicilio social en el 4 rue de l&#8217;Essart Rocher, 44140 Le Bignon y cuyo n\u00famero de IVA intracomunitario es el siguiente: FR55330178088 (en lo sucesivo, \u00ab<strong>la Sociedad<\/strong>\u00bb).\r\n<h4><\/h4>\r\n<h4><strong>1. Editor del sitio<\/strong><\/h4>\r\nLa Sociedad es editora del sitio web https:\/\/systel-international.com\/ (en lo sucesivo, el \u00ab<strong>Sitio<\/strong>\u00bb).\r\n<h4><strong>2. Director de la publicaci\u00f3n<\/strong><\/h4>\r\nSYSTEL se compromete a respetar todas las leyes relativas a la creaci\u00f3n y funcionamiento de un sitio web.\r\nDirector de la publicaci\u00f3n: Sr. Ludovic GERARD-GAUCHER.\r\n<h4><\/h4>\r\n<h4><strong>3. Actividad<\/strong><\/h4>\r\nN\u00b0 SIRET : 330178088 00051\r\nNAF : 3320B\r\nTVA Intra : FR55 330 178 088\r\n<h4><strong>4. Realizaci\u00f3n del sitio<\/strong><\/h4>\r\nComwell\r\n18, place Dugast Matifeux\r\n85600 MONTAIGU-VEND\u00c9E\r\n\r\nTel. : +33 (0)2 51 47 79 25\r\nEmail : contact@comwell.fr\r\nSite web :\u00a0<a href=\"https:\/\/www.comwell.fr\/\" target=\"_blank\" rel=\"noopener noreferrer\">comwell.fr<\/a>\r\n<h4><strong>5. Alojamiento<\/strong><\/h4>\r\nOVH\r\n2 rue Kellermann \u2013 BP 80157 59053 ROUBAIX CEDEX 1\r\nSitio web : ovh.com\r\n\r\nEmail :\u00a0<a href=\"mailto:support@ovh.com\">support@ovh.com<\/a>\r\nT\u00e9l. : +33 (0)8 203 203 63\r\n<h4><strong>6. Condiciones generales de uso<\/strong><\/h4>\r\nAl navegar por el Sitio usted acepta las condiciones generales y avisos de advertencia.\r\n\r\nEste Sitio puede contener enlaces a otros sitios web. La Compa\u00f1\u00eda no asume ninguna responsabilidad por el contenido de sitios web que no sean los que forman parte del dominio https:\/www.systel-international.com\r\n\r\nEl conjunto de este Sitio est\u00e1 protegido por la legislaci\u00f3n francesa e internacional sobre derechos de autor y propiedad intelectual. Todos los derechos de reproducci\u00f3n est\u00e1n reservados, incluso para los documentos descargables, las representaciones iconogr\u00e1ficas y fotogr\u00e1ficas, as\u00ed como los contenidos editoriales. Las marcas mencionadas pertenecen a sus respectivos propietarios.\r\n\r\nEl uso de la totalidad o parte del Sitio, especialmente mediante descarga, transmisi\u00f3n, representaci\u00f3n o reproducci\u00f3n de la totalidad o parte de este Sitio para fines distintos de los personales y privados con fines comerciales o no est\u00e1 expresamente prohibida salvo autorizaci\u00f3n expresa del director de la publicaci\u00f3n. Usted se compromete a no utilizarlo para fines il\u00edcitos o prohibidos por las leyes o por el aviso legal y contractual.\r\n<h4><\/h4>\r\n<h4><strong>7. Pol\u00edtica de privacidad y cookies<\/strong><\/h4>\r\nDe acuerdo con la ley \u00abInform\u00e1tica y Libertad\u00bb del 06 de enero de 1978 en su \u00faltima versi\u00f3n en vigor y el Reglamento General de Protecci\u00f3n de Datos (UE) 2016\/679, (en lo sucesivo, \u00abRGPD\u00bb), usted tiene los derechos detallados en la <strong>pol\u00edtica de privacidad que se detalla a continuaci\u00f3n<\/strong>.\r\n\r\nLa Empresa deber\u00e1 utilizar cookies en las condiciones previstas en la <strong>pol\u00edtica de cookies<\/strong>.\r\n<h4><strong>8. Derechos de autor &#8211; Copyright<\/strong><\/h4>\r\nTodos los elementos de cualquier naturaleza (im\u00e1genes fijas, im\u00e1genes animadas, fotograf\u00edas, bases de datos, marcas, ilustraciones, logotipos, dibujos, modelos, documentos descargables, etc.) contenidos en el Sitio son propiedad exclusiva de la Empresa y est\u00e1n protegidos por el derecho de autor. A este respecto, salvo autorizaci\u00f3n previa y por escrito de la Sociedad, queda prohibida toda reproducci\u00f3n, representaci\u00f3n, adaptaci\u00f3n, modificaci\u00f3n parcial o total de cualquier elemento que componga el Sitio, por cualquier medio, so pena de acci\u00f3n judicial.\r\n\r\n\u00a9Cr\u00e9ditos fotogr\u00e1ficos: Systel International &#8211; Freepik &#8211; Adobe Stock &#8211; Unsplash\r\n<h4><strong>9. Nombre y Logo<\/strong><\/h4>\r\nQueda estrictamente prohibido reproducir, reeditar o redistribuir total o parcialmente el nombre SYSTEL o su logotipo, solo o asociado a cualquier t\u00edtulo sin el consentimiento previo por escrito de la Sociedad.\r\n<h4><\/h4>\r\n<h4><strong>10. Hiperv\u00ednculos<\/strong><\/h4>\r\nCualquier sitio web est\u00e1 autorizado a establecer, sin consentimiento previo, un enlace a la informaci\u00f3n publicada en el sitio web de SYSTEL. Sin embargo, las p\u00e1ginas y documentos de https:\/\/www.systel-international.com no deben estar anidados dentro de las p\u00e1ginas de otro sitio (iframe).\r\nLa autorizaci\u00f3n para establecer un enlace es v\u00e1lida para todo soporte, excepto los que difundan informaciones de car\u00e1cter pol\u00e9mico, pornogr\u00e1fico, xen\u00f3fobo o que puedan, en mayor medida, atentar contra la sensibilidad de la mayor\u00eda.\r\n\r\nLa creaci\u00f3n de hiperv\u00ednculos al Sitio solo puede hacerse con el consentimiento previo y por escrito de la Empresa, que podr\u00e1 ser revocada en cualquier momento.\r\nEl Sitio puede contener hiperv\u00ednculos a sitios web y\/o aplicaciones m\u00f3viles operados por terceros. Se advierte al usuario que al hacer clic en estos enlaces, abandona el Sitio y es conducido a sitios web y\/o aplicaciones de terceros. La Empresa no ser\u00e1 responsable del contenido publicado en dichos sitios web y\/o aplicaciones de terceros.\r\n\r\nLa Empresa no se hace responsable en ning\u00fan caso de la informaci\u00f3n publicada en los sitios web enlazados desde el Sitio.\r\n<h4><strong>11. Calidad y utilizaci\u00f3n de la informaci\u00f3n<\/strong><\/h4>\r\nLa Sociedad procura difundir informaci\u00f3n fiable, verificada y actualizada peri\u00f3dicamente. A pesar de los numerosos esfuerzos realizados para alcanzar este objetivo, pueden subsistir errores u omisiones. Por lo tanto, es responsabilidad exclusiva del internauta utilizar la informaci\u00f3n disponible en el Sitio con discernimiento. Por lo tanto, la Empresa recomienda que compruebe la informaci\u00f3n recopilada en su Sitio antes de tomar cualquier decisi\u00f3n sobre su uso.\r\n<h4><\/h4>\r\n<h4><strong>12. Garant\u00edas y responsabilidades<\/strong><\/h4>\r\nLa informaci\u00f3n publicada en el Sitio se proporciona sin ninguna garant\u00eda de ning\u00fan tipo, distinta de las previstas por la ley vigente, y en particular sin garant\u00eda de que el contenido responda a las necesidades del usuario o al uso que vaya a hacer de \u00e9l. El usuario es el \u00fanico responsable de cualquier uso que haga de la informaci\u00f3n publicada en el Sitio.\r\nLa Empresa no ser\u00e1 responsable de los da\u00f1os directos o indirectos que resulten del uso de su Sitio o de otros sitios vinculados a ella, y en particular de las posibles p\u00e9rdidas financieras o da\u00f1os comerciales que puedan resultar de ello.\r\n<h4><\/h4>\r\n<h4><strong>13. Ley aplicable<\/strong><\/h4>\r\nEstas Condiciones Generales est\u00e1n sujetas a la legislaci\u00f3n francesa. El idioma de las Condiciones Generales es el franc\u00e9s. En caso de litigio, los tribunales franceses ser\u00e1n los \u00fanicos competentes.\t\t\t\t\t\t\t\t<\/div>\n\t\t\t\t<\/div>\n\t\t\t\t\t<\/div>\n\t\t<\/div>\n\t\t\t\t\t<\/div>\n\t\t<\/section>\n\t\t\t\t<\/div>\n\t\t","protected":false},"excerpt":{"rendered":"<p>Menciones legales SYSTEL es una sociedad por acciones simplificada, con capital social de 180.000 euros, registrada en el RCS de Nantes con el n\u00famero 330 178 088, con domicilio social en el 4 rue de l&#8217;Essart Rocher, 44140 Le Bignon y cuyo n\u00famero de IVA intracomunitario es el siguiente: FR55330178088 (en lo sucesivo, \u00abla Sociedad\u00bb). [&hellip;]<\/p>\n","protected":false},"author":1,"featured_media":0,"parent":0,"menu_order":0,"comment_status":"closed","ping_status":"open","template":"","meta":{"_acf_changed":false,"footnotes":""},"class_list":["post-10599","page","type-page","status-publish","hentry"],"acf":[],"yoast_head":"<!-- This site is optimized with the Yoast SEO plugin v26.6 - https:\/\/yoast.com\/wordpress\/plugins\/seo\/ -->\n<title>Menciones legales - Systel<\/title>\n<meta name=\"robots\" content=\"index, follow, max-snippet:-1, max-image-preview:large, max-video-preview:-1\" \/>\n<link rel=\"canonical\" href=\"https:\/\/www.systel-international.com\/mentions-legales\/\" \/>\n<meta property=\"og:locale\" content=\"es_ES\" \/>\n<meta property=\"og:type\" content=\"article\" \/>\n<meta property=\"og:title\" content=\"Menciones legales - Systel\" \/>\n<meta property=\"og:description\" content=\"Menciones legales SYSTEL es una sociedad por acciones simplificada, con capital social de 180.000 euros, registrada en el RCS de Nantes con el n\u00famero 330 178 088, con domicilio social en el 4 rue de l&#8217;Essart Rocher, 44140 Le Bignon y cuyo n\u00famero de IVA intracomunitario es el siguiente: FR55330178088 (en lo sucesivo, \u00abla Sociedad\u00bb). [&hellip;]\" \/>\n<meta property=\"og:url\" content=\"https:\/\/www.systel-international.com\/mentions-legales\/\" \/>\n<meta property=\"og:site_name\" content=\"Systel\" \/>\n<meta property=\"article:publisher\" content=\"https:\/\/www.facebook.com\/Systelinternational\" \/>\n<meta property=\"article:modified_time\" content=\"2023-10-19T10:20:19+00:00\" \/>\n<meta name=\"twitter:card\" content=\"summary_large_image\" \/>\n<meta name=\"twitter:label1\" content=\"Tiempo de lectura\" \/>\n\t<meta name=\"twitter:data1\" content=\"5 minutos\" \/>\n<script type=\"application\/ld+json\" class=\"yoast-schema-graph\">{\"@context\":\"https:\/\/schema.org\",\"@graph\":[{\"@type\":\"WebPage\",\"@id\":\"https:\/\/www.systel-international.com\/mentions-legales\/\",\"url\":\"https:\/\/www.systel-international.com\/mentions-legales\/\",\"name\":\"Menciones legales - Systel\",\"isPartOf\":{\"@id\":\"https:\/\/www.systel-international.com\/#website\"},\"datePublished\":\"2021-06-04T18:46:57+00:00\",\"dateModified\":\"2023-10-19T10:20:19+00:00\",\"breadcrumb\":{\"@id\":\"https:\/\/www.systel-international.com\/mentions-legales\/#breadcrumb\"},\"inLanguage\":\"es\",\"potentialAction\":[{\"@type\":\"ReadAction\",\"target\":[\"https:\/\/www.systel-international.com\/mentions-legales\/\"]}]},{\"@type\":\"BreadcrumbList\",\"@id\":\"https:\/\/www.systel-international.com\/mentions-legales\/#breadcrumb\",\"itemListElement\":[{\"@type\":\"ListItem\",\"position\":1,\"name\":\"Accueil\",\"item\":\"https:\/\/www.systel-international.com\/\"},{\"@type\":\"ListItem\",\"position\":2,\"name\":\"Menciones legales\"}]},{\"@type\":\"WebSite\",\"@id\":\"https:\/\/www.systel-international.com\/#website\",\"url\":\"https:\/\/www.systel-international.com\/\",\"name\":\"Systel\",\"description\":\"\",\"publisher\":{\"@id\":\"https:\/\/www.systel-international.com\/#organization\"},\"potentialAction\":[{\"@type\":\"SearchAction\",\"target\":{\"@type\":\"EntryPoint\",\"urlTemplate\":\"https:\/\/www.systel-international.com\/?s={search_term_string}\"},\"query-input\":{\"@type\":\"PropertyValueSpecification\",\"valueRequired\":true,\"valueName\":\"search_term_string\"}}],\"inLanguage\":\"es\"},{\"@type\":\"Organization\",\"@id\":\"https:\/\/www.systel-international.com\/#organization\",\"name\":\"Systel\",\"url\":\"https:\/\/www.systel-international.com\/\",\"logo\":{\"@type\":\"ImageObject\",\"inLanguage\":\"es\",\"@id\":\"https:\/\/www.systel-international.com\/#\/schema\/logo\/image\/\",\"url\":\"https:\/\/www.systel-international.com\/wp-content\/uploads\/2021\/07\/logo_systel_bottom.png\",\"contentUrl\":\"https:\/\/www.systel-international.com\/wp-content\/uploads\/2021\/07\/logo_systel_bottom.png\",\"width\":218,\"height\":45,\"caption\":\"Systel\"},\"image\":{\"@id\":\"https:\/\/www.systel-international.com\/#\/schema\/logo\/image\/\"},\"sameAs\":[\"https:\/\/www.facebook.com\/Systelinternational\",\"https:\/\/www.linkedin.com\/company\/systel-international\/about\/\",\"https:\/\/www.youtube.com\/channel\/UC8wqswkz1tqc4vr6zE3vcKQ\"]}]}<\/script>\n<!-- \/ Yoast SEO plugin. -->","yoast_head_json":{"title":"Menciones legales - Systel","robots":{"index":"index","follow":"follow","max-snippet":"max-snippet:-1","max-image-preview":"max-image-preview:large","max-video-preview":"max-video-preview:-1"},"canonical":"https:\/\/www.systel-international.com\/mentions-legales\/","og_locale":"es_ES","og_type":"article","og_title":"Menciones legales - Systel","og_description":"Menciones legales SYSTEL es una sociedad por acciones simplificada, con capital social de 180.000 euros, registrada en el RCS de Nantes con el n\u00famero 330 178 088, con domicilio social en el 4 rue de l&#8217;Essart Rocher, 44140 Le Bignon y cuyo n\u00famero de IVA intracomunitario es el siguiente: FR55330178088 (en lo sucesivo, \u00abla Sociedad\u00bb). [&hellip;]","og_url":"https:\/\/www.systel-international.com\/mentions-legales\/","og_site_name":"Systel","article_publisher":"https:\/\/www.facebook.com\/Systelinternational","article_modified_time":"2023-10-19T10:20:19+00:00","twitter_card":"summary_large_image","twitter_misc":{"Tiempo de lectura":"5 minutos"},"schema":{"@context":"https:\/\/schema.org","@graph":[{"@type":"WebPage","@id":"https:\/\/www.systel-international.com\/mentions-legales\/","url":"https:\/\/www.systel-international.com\/mentions-legales\/","name":"Menciones legales - Systel","isPartOf":{"@id":"https:\/\/www.systel-international.com\/#website"},"datePublished":"2021-06-04T18:46:57+00:00","dateModified":"2023-10-19T10:20:19+00:00","breadcrumb":{"@id":"https:\/\/www.systel-international.com\/mentions-legales\/#breadcrumb"},"inLanguage":"es","potentialAction":[{"@type":"ReadAction","target":["https:\/\/www.systel-international.com\/mentions-legales\/"]}]},{"@type":"BreadcrumbList","@id":"https:\/\/www.systel-international.com\/mentions-legales\/#breadcrumb","itemListElement":[{"@type":"ListItem","position":1,"name":"Accueil","item":"https:\/\/www.systel-international.com\/"},{"@type":"ListItem","position":2,"name":"Menciones legales"}]},{"@type":"WebSite","@id":"https:\/\/www.systel-international.com\/#website","url":"https:\/\/www.systel-international.com\/","name":"Systel","description":"","publisher":{"@id":"https:\/\/www.systel-international.com\/#organization"},"potentialAction":[{"@type":"SearchAction","target":{"@type":"EntryPoint","urlTemplate":"https:\/\/www.systel-international.com\/?s={search_term_string}"},"query-input":{"@type":"PropertyValueSpecification","valueRequired":true,"valueName":"search_term_string"}}],"inLanguage":"es"},{"@type":"Organization","@id":"https:\/\/www.systel-international.com\/#organization","name":"Systel","url":"https:\/\/www.systel-international.com\/","logo":{"@type":"ImageObject","inLanguage":"es","@id":"https:\/\/www.systel-international.com\/#\/schema\/logo\/image\/","url":"https:\/\/www.systel-international.com\/wp-content\/uploads\/2021\/07\/logo_systel_bottom.png","contentUrl":"https:\/\/www.systel-international.com\/wp-content\/uploads\/2021\/07\/logo_systel_bottom.png","width":218,"height":45,"caption":"Systel"},"image":{"@id":"https:\/\/www.systel-international.com\/#\/schema\/logo\/image\/"},"sameAs":["https:\/\/www.facebook.com\/Systelinternational","https:\/\/www.linkedin.com\/company\/systel-international\/about\/","https:\/\/www.youtube.com\/channel\/UC8wqswkz1tqc4vr6zE3vcKQ"]}]}},"_links":{"self":[{"href":"https:\/\/www.systel-international.com\/es\/wp-json\/wp\/v2\/pages\/10599","targetHints":{"allow":["GET"]}}],"collection":[{"href":"https:\/\/www.systel-international.com\/es\/wp-json\/wp\/v2\/pages"}],"about":[{"href":"https:\/\/www.systel-international.com\/es\/wp-json\/wp\/v2\/types\/page"}],"author":[{"embeddable":true,"href":"https:\/\/www.systel-international.com\/es\/wp-json\/wp\/v2\/users\/1"}],"replies":[{"embeddable":true,"href":"https:\/\/www.systel-international.com\/es\/wp-json\/wp\/v2\/comments?post=10599"}],"version-history":[{"count":7,"href":"https:\/\/www.systel-international.com\/es\/wp-json\/wp\/v2\/pages\/10599\/revisions"}],"predecessor-version":[{"id":10606,"href":"https:\/\/www.systel-international.com\/es\/wp-json\/wp\/v2\/pages\/10599\/revisions\/10606"}],"wp:attachment":[{"href":"https:\/\/www.systel-international.com\/es\/wp-json\/wp\/v2\/media?parent=10599"}],"curies":[{"name":"wp","href":"https:\/\/api.w.org\/{rel}","templated":true}]}}